{"id":4501,"date":"2024-12-11T11:04:18","date_gmt":"2024-12-11T19:04:18","guid":{"rendered":"https:\/\/valleyviewcasino.com\/los-restaurantes\/sweets\/"},"modified":"2026-02-02T17:01:01","modified_gmt":"2026-02-03T01:01:01","slug":"sweets","status":"publish","type":"page","link":"https:\/\/valleyviewcasino.com\/es\/los-restaurantes\/sweets\/","title":{"rendered":"Sweets"},"content":{"rendered":"\t\t<div data-elementor-type=\"wp-page\" data-elementor-id=\"4501\" class=\"elementor elementor-4501 elementor-571\" data-elementor-post-type=\"page\">\n\t\t\t\t<div class=\"elementor-element elementor-element-54e2195 e-con-full hero-child-pages e-flex e-con e-parent\" data-id=\"54e2195\" data-element_type=\"container\" data-settings=\"{&quot;background_background&quot;:&quot;classic&quot;}\">\n\t\t<div class=\"elementor-element elementor-element-b20cab1 e-flex e-con-boxed e-con e-child\" data-id=\"b20cab1\" data-element_type=\"container\">\n\t\t\t\t\t<div class=\"e-con-inner\">\n\t\t\t\t<div class=\"elementor-element elementor-element-d9cac87 gradient-text elementor-invisible elementor-widget elementor-widget-heading\" data-id=\"d9cac87\" data-element_type=\"widget\" data-settings=\"{&quot;_animation&quot;:&quot;fadeInUp&quot;}\" data-widget_type=\"heading.default\">\n\t\t\t\t<div class=\"elementor-widget-container\">\n\t\t\t\t\t<h1 class=\"elementor-heading-title elementor-size-default\">Sweets<\/h1>\t\t\t\t<\/div>\n\t\t\t\t<\/div>\n\t\t\t\t\t<\/div>\n\t\t\t\t<\/div>\n\t\t\t\t<\/div>\n\t\t<div class=\"elementor-element elementor-element-cf740be e-con-full e-flex e-con e-child\" data-id=\"cf740be\" data-element_type=\"container\">\n\t\t<div class=\"elementor-element elementor-element-ebf04fc e-flex e-con-boxed e-con e-child\" data-id=\"ebf04fc\" data-element_type=\"container\">\n\t\t\t\t\t<div class=\"e-con-inner\">\n\t\t<div class=\"elementor-element elementor-element-45e002c e-con-full e-flex elementor-invisible e-con e-child\" data-id=\"45e002c\" data-element_type=\"container\" data-settings=\"{&quot;animation&quot;:&quot;fadeInLeft&quot;,&quot;animation_tablet&quot;:&quot;fadeIn&quot;}\">\n\t\t\t\t<div class=\"elementor-element elementor-element-f613aa6 elementor-widget elementor-widget-image\" data-id=\"f613aa6\" data-element_type=\"widget\" data-widget_type=\"image.default\">\n\t\t\t\t<div class=\"elementor-widget-container\">\n\t\t\t\t\t\t\t\t\t\t\t\t\t\t\t<img fetchpriority=\"high\" decoding=\"async\" width=\"800\" height=\"382\" src=\"https:\/\/valleyviewcasino.com\/wp-content\/uploads\/2025\/04\/Sweets-Logo-Final-2013-Horz-White-1024x489.png\" class=\"attachment-large size-large wp-image-7844\" alt=\"\" srcset=\"https:\/\/valleyviewcasino.com\/wp-content\/uploads\/2025\/04\/Sweets-Logo-Final-2013-Horz-White-1024x489.png 1024w, https:\/\/valleyviewcasino.com\/wp-content\/uploads\/2025\/04\/Sweets-Logo-Final-2013-Horz-White-300x143.png 300w, https:\/\/valleyviewcasino.com\/wp-content\/uploads\/2025\/04\/Sweets-Logo-Final-2013-Horz-White-768x367.png 768w, https:\/\/valleyviewcasino.com\/wp-content\/uploads\/2025\/04\/Sweets-Logo-Final-2013-Horz-White-1536x734.png 1536w, https:\/\/valleyviewcasino.com\/wp-content\/uploads\/2025\/04\/Sweets-Logo-Final-2013-Horz-White.png 1761w\" sizes=\"(max-width: 800px) 100vw, 800px\" \/>\t\t\t\t\t\t\t\t\t\t\t\t\t\t\t<\/div>\n\t\t\t\t<\/div>\n\t\t\t\t<div class=\"elementor-element elementor-element-e56bf65 elementor-widget elementor-widget-heading\" data-id=\"e56bf65\" data-element_type=\"widget\" data-widget_type=\"heading.default\">\n\t\t\t\t<div class=\"elementor-widget-container\">\n\t\t\t\t\t<h2 class=\"elementor-heading-title elementor-size-default\">CAF\u00c9 GOURMET Y POSTRES CELESTIALES<\/h2>\t\t\t\t<\/div>\n\t\t\t\t<\/div>\n\t\t\t\t<div class=\"elementor-element elementor-element-46743fd elementor-widget elementor-widget-text-editor\" data-id=\"46743fd\" data-element_type=\"widget\" data-widget_type=\"text-editor.default\">\n\t\t\t\t<div class=\"elementor-widget-container\">\n\t\t\t\t\t\t\t\t\t<p>Haz que tu visita al <a href=\"https:\/\/valleyviewcasino.com\/\">Valley View Casino &amp; Hotel<\/a> sea dulce y acomp\u00e1\u00f1anos a tomar un pastelito y un capuchino en Sweets. Todos los d\u00edas de la semana, puedes disfrutar de selecciones caseras y deliciosas bebidas. Si necesitas reponer fuerzas, echa un vistazo a nuestro men\u00fa para llevar, que incluye ensaladas frescas, sabrosos s\u00e1ndwiches y golosinas.<\/p>\t\t\t\t\t\t\t\t<\/div>\n\t\t\t\t<\/div>\n\t\t\t\t<\/div>\n\t\t<div class=\"elementor-element elementor-element-01a1f80 vv-dining-slider__container e-flex e-con-boxed elementor-invisible e-con e-child\" data-id=\"01a1f80\" data-element_type=\"container\" data-settings=\"{&quot;animation&quot;:&quot;fadeInRight&quot;,&quot;animation_tablet&quot;:&quot;fadeIn&quot;}\">\n\t\t\t\t\t<div class=\"e-con-inner\">\n\t\t\t\t<div class=\"elementor-element elementor-element-986bf5b vv_dining__slider elementor-widget-tablet__width-initial elementor-widget elementor-widget-image-carousel\" data-id=\"986bf5b\" data-element_type=\"widget\" data-settings=\"{&quot;slides_to_show&quot;:&quot;1&quot;,&quot;slides_to_show_tablet&quot;:&quot;1&quot;,&quot;navigation&quot;:&quot;none&quot;,&quot;effect&quot;:&quot;fade&quot;,&quot;autoplay_speed&quot;:4000,&quot;autoplay&quot;:&quot;yes&quot;,&quot;pause_on_hover&quot;:&quot;yes&quot;,&quot;pause_on_interaction&quot;:&quot;yes&quot;,&quot;infinite&quot;:&quot;yes&quot;,&quot;speed&quot;:500}\" data-widget_type=\"image-carousel.default\">\n\t\t\t\t<div class=\"elementor-widget-container\">\n\t\t\t\t\t\t\t<div class=\"elementor-image-carousel-wrapper swiper\" role=\"region\" aria-roledescription=\"carousel\" aria-label=\"Cafe Carousel\" dir=\"ltr\">\n\t\t\t<div class=\"elementor-image-carousel swiper-wrapper\" aria-live=\"off\">\n\t\t\t\t\t\t\t\t<div class=\"swiper-slide\" role=\"group\" aria-roledescription=\"slide\" aria-label=\"1 de 4\"><figure class=\"swiper-slide-inner\"><img decoding=\"async\" class=\"swiper-slide-image\" src=\"https:\/\/valleyviewcasino.com\/wp-content\/uploads\/2025\/04\/Coffee-Dessets.jpg\" alt=\"Coffee &amp; Dessets\" \/><\/figure><\/div><div class=\"swiper-slide\" role=\"group\" aria-roledescription=\"slide\" aria-label=\"2 de 4\"><figure class=\"swiper-slide-inner\"><img decoding=\"async\" class=\"swiper-slide-image\" src=\"https:\/\/valleyviewcasino.com\/wp-content\/uploads\/2025\/04\/Fruit-Tarts_Sweets-Flat.jpg\" alt=\"Fruit Tarts_Sweets Flat\" \/><\/figure><\/div><div class=\"swiper-slide\" role=\"group\" aria-roledescription=\"slide\" aria-label=\"3 de 4\"><figure class=\"swiper-slide-inner\"><img decoding=\"async\" class=\"swiper-slide-image\" src=\"https:\/\/valleyviewcasino.com\/wp-content\/uploads\/2025\/04\/shutterstock_371411767.jpg\" alt=\"shutterstock_371411767\" \/><\/figure><\/div><div class=\"swiper-slide\" role=\"group\" aria-roledescription=\"slide\" aria-label=\"4 de 4\"><figure class=\"swiper-slide-inner\"><img decoding=\"async\" class=\"swiper-slide-image\" src=\"https:\/\/valleyviewcasino.com\/wp-content\/uploads\/2025\/04\/Coffee-Dessets.jpg\" alt=\"Coffee &amp; Dessets\" \/><\/figure><\/div>\t\t\t<\/div>\n\t\t\t\t\t\t\t\n\t\t\t\t\t\t\t\t\t<\/div>\n\t\t\t\t\t\t<\/div>\n\t\t\t\t<\/div>\n\t\t\t\t\t<\/div>\n\t\t\t\t<\/div>\n\t\t\t\t\t<\/div>\n\t\t\t\t<\/div>\n\t\t\t\t<\/div>\n\t\t<div class=\"elementor-element elementor-element-6e436c5 vv_restaurant-info__container e-flex e-con-boxed e-con e-parent\" data-id=\"6e436c5\" data-element_type=\"container\">\n\t\t\t\t\t<div class=\"e-con-inner\">\n\t\t<div class=\"elementor-element elementor-element-7ba1d79 e-flex e-con-boxed e-con e-child\" data-id=\"7ba1d79\" data-element_type=\"container\">\n\t\t\t\t\t<div class=\"e-con-inner\">\n\t\t<div class=\"elementor-element elementor-element-77aa58c e-con-full e-flex elementor-invisible e-con e-child\" data-id=\"77aa58c\" data-element_type=\"container\" data-settings=\"{&quot;animation&quot;:&quot;fadeInLeft&quot;}\">\n\t\t\t\t<div class=\"elementor-element elementor-element-05e4ae1 elementor-widget elementor-widget-text-editor\" data-id=\"05e4ae1\" data-element_type=\"widget\" data-widget_type=\"text-editor.default\">\n\t\t\t\t<div class=\"elementor-widget-container\">\n\t\t\t\t\t\t\t\t\t<h4>Horas<\/h4>\nAbierto 7 D\u00edas de la Semana | 7:30am-6:30pm\t\t\t\t\t\t\t\t<\/div>\n\t\t\t\t<\/div>\n\t\t\t\t<\/div>\n\t\t<div class=\"elementor-element elementor-element-183a68d e-con-full e-flex elementor-invisible e-con e-child\" data-id=\"183a68d\" data-element_type=\"container\" data-settings=\"{&quot;animation&quot;:&quot;fadeInRight&quot;}\">\n\t\t\t\t<div class=\"elementor-element elementor-element-7141ced elementor-widget elementor-widget-text-editor\" data-id=\"7141ced\" data-element_type=\"widget\" data-widget_type=\"text-editor.default\">\n\t\t\t\t<div class=\"elementor-widget-container\">\n\t\t\t\t\t\t\t\t\t<h4>Disfrute de Caf\u00e9 Gourmet y Deliciosos Postres<\/h4>\n\t\t\t\t\t\t\t\t<\/div>\n\t\t\t\t<\/div>\n\t\t\t\t<div class=\"elementor-element elementor-element-b26e61b elementor-align-center elementor-widget elementor-widget-button\" data-id=\"b26e61b\" data-element_type=\"widget\" data-widget_type=\"button.default\">\n\t\t\t\t<div class=\"elementor-widget-container\">\n\t\t\t\t\t\t\t\t\t<div class=\"elementor-button-wrapper\">\n\t\t\t\t\t<a class=\"elementor-button elementor-button-link elementor-size-sm\" href=\"https:\/\/valleyviewcasino.com\/wp-content\/uploads\/2026\/02\/Sweets-Menu-02022026.pdf\">\n\t\t\t\t\t\t<span class=\"elementor-button-content-wrapper\">\n\t\t\t\t\t\t\t\t\t<span class=\"elementor-button-text\">Ver Men\u00fa<\/span>\n\t\t\t\t\t<\/span>\n\t\t\t\t\t<\/a>\n\t\t\t\t<\/div>\n\t\t\t\t\t\t\t\t<\/div>\n\t\t\t\t<\/div>\n\t\t\t\t<\/div>\n\t\t\t\t\t<\/div>\n\t\t\t\t<\/div>\n\t\t\t\t\t<\/div>\n\t\t\t\t<\/div>\n\t\t\t\t<\/div>\n\t\t","protected":false},"excerpt":{"rendered":"<p>CAF\u00c9 GOURMET Y POSTRES CELESTIALES Haz que tu visita al Valley View Casino &amp; Hotel sea dulce y acomp\u00e1\u00f1anos a tomar un pastelito y un capuchino en Sweets. Todos los [&hellip;]<\/p>\n","protected":false},"author":2,"featured_media":4315,"parent":4455,"menu_order":0,"comment_status":"closed","ping_status":"closed","template":"","meta":{"_acf_changed":false,"inline_featured_image":false,"footnotes":""},"class_list":["post-4501","page","type-page","status-publish","has-post-thumbnail","hentry"],"acf":[],"_links":{"self":[{"href":"https:\/\/valleyviewcasino.com\/es\/wp-json\/wp\/v2\/pages\/4501","targetHints":{"allow":["GET"]}}],"collection":[{"href":"https:\/\/valleyviewcasino.com\/es\/wp-json\/wp\/v2\/pages"}],"about":[{"href":"https:\/\/valleyviewcasino.com\/es\/wp-json\/wp\/v2\/types\/page"}],"author":[{"embeddable":true,"href":"https:\/\/valleyviewcasino.com\/es\/wp-json\/wp\/v2\/users\/2"}],"replies":[{"embeddable":true,"href":"https:\/\/valleyviewcasino.com\/es\/wp-json\/wp\/v2\/comments?post=4501"}],"version-history":[{"count":19,"href":"https:\/\/valleyviewcasino.com\/es\/wp-json\/wp\/v2\/pages\/4501\/revisions"}],"predecessor-version":[{"id":11636,"href":"https:\/\/valleyviewcasino.com\/es\/wp-json\/wp\/v2\/pages\/4501\/revisions\/11636"}],"up":[{"embeddable":true,"href":"https:\/\/valleyviewcasino.com\/es\/wp-json\/wp\/v2\/pages\/4455"}],"wp:featuredmedia":[{"embeddable":true,"href":"https:\/\/valleyviewcasino.com\/es\/wp-json\/wp\/v2\/media\/4315"}],"wp:attachment":[{"href":"https:\/\/valleyviewcasino.com\/es\/wp-json\/wp\/v2\/media?parent=4501"}],"curies":[{"name":"wp","href":"https:\/\/api.w.org\/{rel}","templated":true}]}}