{"id":4548,"date":"2024-12-11T10:56:05","date_gmt":"2024-12-11T18:56:05","guid":{"rendered":"https:\/\/valleyviewcasino.com\/el-club-de-jugadores\/"},"modified":"2026-02-12T13:11:45","modified_gmt":"2026-02-12T21:11:45","slug":"el-club-de-jugadores","status":"publish","type":"page","link":"https:\/\/valleyviewcasino.com\/es\/el-club\/el-club-de-jugadores\/","title":{"rendered":"El Club De Jugadores"},"content":{"rendered":"\t\t<div data-elementor-type=\"wp-page\" data-elementor-id=\"4548\" class=\"elementor elementor-4548 elementor-552\" data-elementor-post-type=\"page\">\n\t\t\t\t<div class=\"elementor-element elementor-element-9f7b9dc e-con-full hero-child-pages e-flex e-con e-parent\" data-id=\"9f7b9dc\" data-element_type=\"container\" data-settings=\"{&quot;background_background&quot;:&quot;classic&quot;}\">\n\t\t<div class=\"elementor-element elementor-element-45c7af8 e-flex e-con-boxed e-con e-child\" data-id=\"45c7af8\" data-element_type=\"container\" data-settings=\"{&quot;background_background&quot;:&quot;gradient&quot;}\">\n\t\t\t\t\t<div class=\"e-con-inner\">\n\t\t\t\t<div class=\"elementor-element elementor-element-ee92d06 gradient-text elementor-invisible elementor-widget elementor-widget-heading\" data-id=\"ee92d06\" data-element_type=\"widget\" data-settings=\"{&quot;_animation&quot;:&quot;fadeInUp&quot;}\" data-widget_type=\"heading.default\">\n\t\t\t\t<div class=\"elementor-widget-container\">\n\t\t\t\t\t<h1 class=\"elementor-heading-title elementor-size-default\">El Club De Jugadores<\/h1>\t\t\t\t<\/div>\n\t\t\t\t<\/div>\n\t\t\t\t\t<\/div>\n\t\t\t\t<\/div>\n\t\t\t\t<\/div>\n\t\t<div class=\"elementor-element elementor-element-84ec34f e-con-full e-flex e-con e-child\" data-id=\"84ec34f\" data-element_type=\"container\">\n\t\t<div class=\"elementor-element elementor-element-26f6c2e e-flex e-con-boxed e-con e-child\" data-id=\"26f6c2e\" data-element_type=\"container\">\n\t\t\t\t\t<div class=\"e-con-inner\">\n\t\t<div class=\"elementor-element elementor-element-2ba0011 e-con-full e-flex elementor-invisible e-con e-child\" data-id=\"2ba0011\" data-element_type=\"container\" data-settings=\"{&quot;animation&quot;:&quot;fadeInLeft&quot;,&quot;animation_tablet&quot;:&quot;fadeIn&quot;}\">\n\t\t\t\t<div class=\"elementor-element elementor-element-7df77ce elementor-widget elementor-widget-heading\" data-id=\"7df77ce\" data-element_type=\"widget\" data-widget_type=\"heading.default\">\n\t\t\t\t<div class=\"elementor-widget-container\">\n\t\t\t\t\t<h2 class=\"elementor-heading-title elementor-size-default\">LA AFILIACI\u00d3N DEFINITIVA AL CLUB DE JUGADORES DEL CASINO VALLEY VIEW<\/h2>\t\t\t\t<\/div>\n\t\t\t\t<\/div>\n\t\t\t\t<div class=\"elementor-element elementor-element-f8d4d75 elementor-widget elementor-widget-text-editor\" data-id=\"f8d4d75\" data-element_type=\"widget\" data-widget_type=\"text-editor.default\">\n\t\t\t\t<div class=\"elementor-widget-container\">\n\t\t\t\t\t\t\t\t\t<p>Valley View Casino &amp; Hotel le ofrece una nueva y emocionante oferta para nuestros invitados que se registren en El Club de Jugadores m\u00e1s generoso de San Diego. Ahora, al ser parte de El Club de Jugadores, recibir\u00e1 m\u00e1s de $200 en incentivos gratis. <\/p><p>Adem\u00e1s, descubrir\u00e1s r\u00e1pidamente que cuanto m\u00e1s utilices tu tarjeta del Club de Jugadores, m\u00e1s recompensas ganar\u00e1s, como <a href=\"https:\/\/valleyviewcasino.com\/es\/los-restaurantes\/\">cenas<\/a> gratuitas en el casino en nuestros galardonados restaurantes, invitaciones a eventos VIP, estancias gratuitas <a href=\"https:\/\/valleyviewcasino.com\/es\/hotel\/\">en hoteles<\/a> y mucho m\u00e1s.<\/p><p>As\u00ed que hazte socio hoy mismo del Club de Jugadores del <a href=\"https:\/\/valleyviewcasino.com\/es\/casino\/\">casino<\/a> m\u00e1s gratificante de San Diego. Inscribirse siempre es r\u00e1pido, f\u00e1cil y, lo mejor de todo, es gratis.<\/p>\t\t\t\t\t\t\t\t<\/div>\n\t\t\t\t<\/div>\n\t\t\t\t<div class=\"elementor-element elementor-element-ec930be elementor-align-left elementor-widget elementor-widget-button\" data-id=\"ec930be\" data-element_type=\"widget\" data-widget_type=\"button.default\">\n\t\t\t\t<div class=\"elementor-widget-container\">\n\t\t\t\t\t\t\t\t\t<div class=\"elementor-button-wrapper\">\n\t\t\t\t\t<a class=\"elementor-button elementor-button-link elementor-size-sm\" href=\"https:\/\/valleyviewcasino.com\/wp-content\/uploads\/2025\/12\/VVC_Rewards-Brochure_2026.pdf\">\n\t\t\t\t\t\t<span class=\"elementor-button-content-wrapper\">\n\t\t\t\t\t\t\t\t\t<span class=\"elementor-button-text\">Descargue el Folleto de Membres\u00eda de El Club de Jugadores<\/span>\n\t\t\t\t\t<\/span>\n\t\t\t\t\t<\/a>\n\t\t\t\t<\/div>\n\t\t\t\t\t\t\t\t<\/div>\n\t\t\t\t<\/div>\n\t\t\t\t<\/div>\n\t\t<div class=\"elementor-element elementor-element-18644f3 vv-dining-slider__container e-flex e-con-boxed elementor-invisible e-con e-child\" data-id=\"18644f3\" data-element_type=\"container\" data-settings=\"{&quot;animation&quot;:&quot;fadeInRight&quot;,&quot;animation_tablet&quot;:&quot;fadeIn&quot;}\">\n\t\t\t\t\t<div class=\"e-con-inner\">\n\t\t\t\t<div class=\"elementor-element elementor-element-ea34081 elementor-widget elementor-widget-image\" data-id=\"ea34081\" data-element_type=\"widget\" data-widget_type=\"image.default\">\n\t\t\t\t<div class=\"elementor-widget-container\">\n\t\t\t\t\t\t\t\t\t\t\t\t\t\t\t<img fetchpriority=\"high\" decoding=\"async\" width=\"800\" height=\"534\" src=\"https:\/\/valleyviewcasino.com\/wp-content\/uploads\/2025\/04\/Players-Club-1024x683.jpg\" class=\"attachment-large size-large wp-image-8449\" alt=\"\" srcset=\"https:\/\/valleyviewcasino.com\/wp-content\/uploads\/2025\/04\/Players-Club-1024x683.jpg 1024w, https:\/\/valleyviewcasino.com\/wp-content\/uploads\/2025\/04\/Players-Club-300x200.jpg 300w, https:\/\/valleyviewcasino.com\/wp-content\/uploads\/2025\/04\/Players-Club-768x512.jpg 768w, https:\/\/valleyviewcasino.com\/wp-content\/uploads\/2025\/04\/Players-Club-1536x1024.jpg 1536w, https:\/\/valleyviewcasino.com\/wp-content\/uploads\/2025\/04\/Players-Club-2048x1365.jpg 2048w\" sizes=\"(max-width: 800px) 100vw, 800px\" \/>\t\t\t\t\t\t\t\t\t\t\t\t\t\t\t<\/div>\n\t\t\t\t<\/div>\n\t\t\t\t\t<\/div>\n\t\t\t\t<\/div>\n\t\t\t\t\t<\/div>\n\t\t\t\t<\/div>\n\t\t\t\t<\/div>\n\t\t<div class=\"elementor-element elementor-element-eb93e50 e-flex e-con-boxed e-con e-parent\" data-id=\"eb93e50\" data-element_type=\"container\">\n\t\t\t\t\t<div class=\"e-con-inner\">\n\t\t<div class=\"elementor-element elementor-element-9e8576a e-con-full e-flex e-con e-child\" data-id=\"9e8576a\" data-element_type=\"container\">\n\t\t<div class=\"elementor-element elementor-element-4921887 e-con-full e-flex elementor-invisible e-con e-child\" data-id=\"4921887\" data-element_type=\"container\" data-settings=\"{&quot;animation&quot;:&quot;fadeInLeft&quot;,&quot;animation_tablet&quot;:&quot;fadeIn&quot;}\">\n\t\t<div class=\"elementor-element elementor-element-3200664 e-con-full e-flex e-con e-child\" data-id=\"3200664\" data-element_type=\"container\" id=\"card-red\">\n\t\t\t\t<div class=\"elementor-element elementor-element-a920e4f elementor-widget__width-initial elementor-widget elementor-widget-image\" data-id=\"a920e4f\" data-element_type=\"widget\" data-widget_type=\"image.default\">\n\t\t\t\t<div class=\"elementor-widget-container\">\n\t\t\t\t\t\t\t\t\t\t\t\t\t\t\t<img decoding=\"async\" width=\"402\" height=\"290\" src=\"https:\/\/valleyviewcasino.com\/wp-content\/uploads\/2024\/12\/vv-card-red.png\" class=\"attachment-large size-large wp-image-4127\" alt=\"Red Valley View Casino Players Club card, part of the casino&#039;s loyalty program, with a bold red design and logo.\" srcset=\"https:\/\/valleyviewcasino.com\/wp-content\/uploads\/2024\/12\/vv-card-red.png 402w, https:\/\/valleyviewcasino.com\/wp-content\/uploads\/2024\/12\/vv-card-red-300x216.png 300w\" sizes=\"(max-width: 402px) 100vw, 402px\" \/>\t\t\t\t\t\t\t\t\t\t\t\t\t\t\t<\/div>\n\t\t\t\t<\/div>\n\t\t\t\t<div class=\"elementor-element elementor-element-f964202 elementor-absolute elementor-widget__width-initial elementor-widget elementor-widget-heading\" data-id=\"f964202\" data-element_type=\"widget\" data-settings=\"{&quot;_position&quot;:&quot;absolute&quot;}\" data-widget_type=\"heading.default\">\n\t\t\t\t<div class=\"elementor-widget-container\">\n\t\t\t\t\t<h3 class=\"elementor-heading-title elementor-size-default\">200-1.999 Puntos de nivel<\/h3>\t\t\t\t<\/div>\n\t\t\t\t<\/div>\n\t\t\t\t<\/div>\n\t\t\t\t<div class=\"elementor-element elementor-element-66f4010 elementor-widget__width-initial elementor-widget elementor-widget-heading\" data-id=\"66f4010\" data-element_type=\"widget\" data-widget_type=\"heading.default\">\n\t\t\t\t<div class=\"elementor-widget-container\">\n\t\t\t\t\t<h2 class=\"elementor-heading-title elementor-size-default\">Beneficios de la Tarjeta Roja<\/h2>\t\t\t\t<\/div>\n\t\t\t\t<\/div>\n\t\t\t\t<div class=\"elementor-element elementor-element-5f59d36 elementor-widget elementor-widget-text-editor\" data-id=\"5f59d36\" data-element_type=\"widget\" data-widget_type=\"text-editor.default\">\n\t\t\t\t<div class=\"elementor-widget-container\">\n\t\t\t\t\t\t\t\t\t<ul><li>Al Registrarse Recibir\u00e1 m\u00e1s de $200 en Incentivos Gratis<\/li><li>5 Veces m\u00e1s en Boletos para Nuestros Sorteos<\/li><li>Camiseta Coleccionable Complementaria Cada Mes<\/li><li>Gane Puntos por Lealtad<\/li><li>Gane Boletos para Sorteos<\/li><li>Gane MOREPLAY<sup>\u00ae<\/sup> (Es Juego Gratis en las <a href=\"https:\/\/valleyviewcasino.com\/es\/casino\/tragaperras-y-juegos-de-mesa\/\">M\u00e1quinas<\/a>)<strong class=\"ast\">*<\/strong><\/li><li>Estacionamiento de Valet de Cortes\u00eda<\/li><li>Membres\u00eda VIP para Nuestro Club de Correo Electr\u00f3nico<\/li><li>Estaciones de Bebidas en Todo el <a href=\"https:\/\/valleyviewcasino.com\/es\/casino\/\">Casino<\/a><\/li><li>Aparcamiento cubierto gratuito<\/li><li>Cambio de Cheques Complementario<\/li><li>Estaciones para Recargar Veh\u00edculos El\u00e9ctricos Gratis Complementarios<\/li><li>Revista Mensual<strong class=\"ast\">*<\/strong><\/li><li>Regalos del Mes<strong class=\"ast\">*<\/strong><\/li><li>Ofertas Exclusivas en Cumplea\u00f1os<strong class=\"ast\">*<\/strong><\/li><li>Invitaciones para <a href=\"https:\/\/valleyviewcasino.com\/es\/promociones\/\">Promociones<\/a> del Casino<strong class=\"ast\">*<\/strong><\/li><\/ul><p><em>*Basado en Nivel de Juego<\/em><\/p>\t\t\t\t\t\t\t\t<\/div>\n\t\t\t\t<\/div>\n\t\t\t\t<\/div>\n\t\t<div class=\"elementor-element elementor-element-cfe691a e-con-full e-flex elementor-invisible e-con e-child\" data-id=\"cfe691a\" data-element_type=\"container\" data-settings=\"{&quot;animation&quot;:&quot;fadeInUp&quot;,&quot;animation_tablet&quot;:&quot;fadeIn&quot;}\">\n\t\t<div class=\"elementor-element elementor-element-905068f e-con-full e-flex e-con e-child\" data-id=\"905068f\" data-element_type=\"container\" id=\"card-blue\">\n\t\t\t\t<div class=\"elementor-element elementor-element-d07e3e8 elementor-widget__width-initial elementor-widget elementor-widget-image\" data-id=\"d07e3e8\" data-element_type=\"widget\" data-widget_type=\"image.default\">\n\t\t\t\t<div class=\"elementor-widget-container\">\n\t\t\t\t\t\t\t\t\t\t\t\t\t\t\t<img decoding=\"async\" width=\"402\" height=\"290\" src=\"https:\/\/valleyviewcasino.com\/wp-content\/uploads\/2024\/12\/vv-card-sapphire.png\" class=\"attachment-large size-large wp-image-4128\" alt=\"Sapphire Valley View Casino Players Club card featuring the casino&#039;s logo and a deep blue, gem-like design.\" srcset=\"https:\/\/valleyviewcasino.com\/wp-content\/uploads\/2024\/12\/vv-card-sapphire.png 402w, https:\/\/valleyviewcasino.com\/wp-content\/uploads\/2024\/12\/vv-card-sapphire-300x216.png 300w\" sizes=\"(max-width: 402px) 100vw, 402px\" \/>\t\t\t\t\t\t\t\t\t\t\t\t\t\t\t<\/div>\n\t\t\t\t<\/div>\n\t\t\t\t<div class=\"elementor-element elementor-element-3680103 elementor-absolute elementor-widget__width-initial elementor-widget elementor-widget-heading\" data-id=\"3680103\" data-element_type=\"widget\" data-settings=\"{&quot;_position&quot;:&quot;absolute&quot;}\" data-widget_type=\"heading.default\">\n\t\t\t\t<div class=\"elementor-widget-container\">\n\t\t\t\t\t<h3 class=\"elementor-heading-title elementor-size-default\">2,000-3,999 Puntos<\/h3>\t\t\t\t<\/div>\n\t\t\t\t<\/div>\n\t\t\t\t<\/div>\n\t\t\t\t<div class=\"elementor-element elementor-element-86d9933 elementor-widget elementor-widget-heading\" data-id=\"86d9933\" data-element_type=\"widget\" data-widget_type=\"heading.default\">\n\t\t\t\t<div class=\"elementor-widget-container\">\n\t\t\t\t\t<h2 class=\"elementor-heading-title elementor-size-default\">Beneficios de la Tarjeta Azul<\/h2>\t\t\t\t<\/div>\n\t\t\t\t<\/div>\n\t\t\t\t<div class=\"elementor-element elementor-element-c905033 elementor-widget elementor-widget-text-editor\" data-id=\"c905033\" data-element_type=\"widget\" data-widget_type=\"text-editor.default\">\n\t\t\t\t<div class=\"elementor-widget-container\">\n\t\t\t\t\t\t\t\t\t<p>Disfrute todos los beneficios de la tarjeta Roja m\u00e1s lo siguiente:<\/p><ul><li>10 Veces m\u00e1s en Boletos para Nuestros Sorteos<\/li><li>Buffets de Langosta de Maine de Cortes\u00eda o Cr\u00e9ditos para <a href=\"https:\/\/valleyviewcasino.com\/es\/los-restaurantes\/\">Alimentos<\/a><\/li><li>Revista Mensual<\/li><li>Regalos del Mes<\/li><li>Ofertas Exclusivas en Cumplea\u00f1os<\/li><li>Invitaciones para <a href=\"https:\/\/valleyviewcasino.com\/es\/promociones\/\">Promociones<\/a> del Casino<strong class=\"ast\">*<\/strong><\/li><li>Invitaciones para Eventos Especiales<strong class=\"ast\">*<\/strong><\/li><\/ul><p><em>*Basado en Nivel de Juego<\/em><\/p>\t\t\t\t\t\t\t\t<\/div>\n\t\t\t\t<\/div>\n\t\t\t\t<\/div>\n\t\t<div class=\"elementor-element elementor-element-a2ce95d e-con-full e-flex elementor-invisible e-con e-child\" data-id=\"a2ce95d\" data-element_type=\"container\" data-settings=\"{&quot;animation&quot;:&quot;fadeInRight&quot;,&quot;animation_tablet&quot;:&quot;fadeIn&quot;}\">\n\t\t<div class=\"elementor-element elementor-element-6b77828 e-con-full e-flex e-con e-child\" data-id=\"6b77828\" data-element_type=\"container\" id=\"card-silver\">\n\t\t\t\t<div class=\"elementor-element elementor-element-88cccd0 elementor-widget elementor-widget-image\" data-id=\"88cccd0\" data-element_type=\"widget\" data-widget_type=\"image.default\">\n\t\t\t\t<div class=\"elementor-widget-container\">\n\t\t\t\t\t\t\t\t\t\t\t\t\t\t\t<img loading=\"lazy\" decoding=\"async\" width=\"402\" height=\"290\" src=\"https:\/\/valleyviewcasino.com\/wp-content\/uploads\/2024\/12\/vv-card-silver.png\" class=\"attachment-large size-large wp-image-4129\" alt=\"Silver Valley View Casino Players Club card featuring the casino&#039;s logo and silver card design with a metallic texture\" srcset=\"https:\/\/valleyviewcasino.com\/wp-content\/uploads\/2024\/12\/vv-card-silver.png 402w, https:\/\/valleyviewcasino.com\/wp-content\/uploads\/2024\/12\/vv-card-silver-300x216.png 300w\" sizes=\"(max-width: 402px) 100vw, 402px\" \/>\t\t\t\t\t\t\t\t\t\t\t\t\t\t\t<\/div>\n\t\t\t\t<\/div>\n\t\t\t\t<div class=\"elementor-element elementor-element-2f4b07e elementor-absolute elementor-widget__width-initial elementor-widget elementor-widget-heading\" data-id=\"2f4b07e\" data-element_type=\"widget\" data-settings=\"{&quot;_position&quot;:&quot;absolute&quot;}\" data-widget_type=\"heading.default\">\n\t\t\t\t<div class=\"elementor-widget-container\">\n\t\t\t\t\t<h3 class=\"elementor-heading-title elementor-size-default\">4,000-5,999 Puntos<\/h3>\t\t\t\t<\/div>\n\t\t\t\t<\/div>\n\t\t\t\t<\/div>\n\t\t\t\t<div class=\"elementor-element elementor-element-962ebdb elementor-widget elementor-widget-heading\" data-id=\"962ebdb\" data-element_type=\"widget\" data-widget_type=\"heading.default\">\n\t\t\t\t<div class=\"elementor-widget-container\">\n\t\t\t\t\t<h2 class=\"elementor-heading-title elementor-size-default\">Beneficios de la Tarjeta Plateada<\/h2>\t\t\t\t<\/div>\n\t\t\t\t<\/div>\n\t\t\t\t<div class=\"elementor-element elementor-element-cc9b5d8 elementor-widget elementor-widget-text-editor\" data-id=\"cc9b5d8\" data-element_type=\"widget\" data-widget_type=\"text-editor.default\">\n\t\t\t\t<div class=\"elementor-widget-container\">\n\t\t\t\t\t\t\t\t\t<p>Disfrute todos los beneficios de la tarjeta Azul m\u00e1s lo siguiente:<\/p><ul><li>15 Veces m\u00e1s en Boletos para Nuestros Sorteos<\/li><li>Invitaciones para <a href=\"https:\/\/valleyviewcasino.com\/es\/promociones\/\">Promociones<\/a> del Casino<\/li><li>Invitaciones para Eventos Especiales<\/li><li>Ofertas en el <a href=\"https:\/\/valleyviewcasino.com\/es\/hotel\/\">Hotel<\/a><strong class=\"ast\">*<\/strong><\/li><\/ul><p><em><strong class=\"ast\">*<\/strong>Basado en Nivel de Juego<\/em><\/p>\t\t\t\t\t\t\t\t<\/div>\n\t\t\t\t<\/div>\n\t\t\t\t<\/div>\n\t\t<div class=\"elementor-element elementor-element-c0960ab vv-dining-slider__container e-con-full e-flex elementor-invisible e-con e-child\" data-id=\"c0960ab\" data-element_type=\"container\" data-settings=\"{&quot;animation&quot;:&quot;fadeInLeft&quot;,&quot;animation_tablet&quot;:&quot;fadeIn&quot;}\">\n\t\t<div class=\"elementor-element elementor-element-c54fa4c e-con-full e-flex e-con e-child\" data-id=\"c54fa4c\" data-element_type=\"container\" id=\"card-gold\">\n\t\t\t\t<div class=\"elementor-element elementor-element-7338b39 elementor-widget elementor-widget-image\" data-id=\"7338b39\" data-element_type=\"widget\" data-widget_type=\"image.default\">\n\t\t\t\t<div class=\"elementor-widget-container\">\n\t\t\t\t\t\t\t\t\t\t\t\t\t\t\t<img loading=\"lazy\" decoding=\"async\" width=\"402\" height=\"290\" src=\"https:\/\/valleyviewcasino.com\/wp-content\/uploads\/2024\/12\/vv-card-gold.png\" class=\"attachment-large size-large wp-image-4130\" alt=\"\" srcset=\"https:\/\/valleyviewcasino.com\/wp-content\/uploads\/2024\/12\/vv-card-gold.png 402w, https:\/\/valleyviewcasino.com\/wp-content\/uploads\/2024\/12\/vv-card-gold-300x216.png 300w\" sizes=\"(max-width: 402px) 100vw, 402px\" \/>\t\t\t\t\t\t\t\t\t\t\t\t\t\t\t<\/div>\n\t\t\t\t<\/div>\n\t\t\t\t<div class=\"elementor-element elementor-element-4e56d0a elementor-absolute elementor-widget__width-initial elementor-widget elementor-widget-heading\" data-id=\"4e56d0a\" data-element_type=\"widget\" data-settings=\"{&quot;_position&quot;:&quot;absolute&quot;}\" data-widget_type=\"heading.default\">\n\t\t\t\t<div class=\"elementor-widget-container\">\n\t\t\t\t\t<h3 class=\"elementor-heading-title elementor-size-default\">6,000-19,999 Puntos<\/h3>\t\t\t\t<\/div>\n\t\t\t\t<\/div>\n\t\t\t\t<\/div>\n\t\t\t\t<div class=\"elementor-element elementor-element-0194358 elementor-widget elementor-widget-heading\" data-id=\"0194358\" data-element_type=\"widget\" data-widget_type=\"heading.default\">\n\t\t\t\t<div class=\"elementor-widget-container\">\n\t\t\t\t\t<h2 class=\"elementor-heading-title elementor-size-default\">Beneficios de la Tarjeta Dorada<\/h2>\t\t\t\t<\/div>\n\t\t\t\t<\/div>\n\t\t\t\t<div class=\"elementor-element elementor-element-0ae3122 elementor-widget elementor-widget-text-editor\" data-id=\"0ae3122\" data-element_type=\"widget\" data-widget_type=\"text-editor.default\">\n\t\t\t\t<div class=\"elementor-widget-container\">\n\t\t\t\t\t\t\t\t\t<p>Disfrute todos los beneficios de la tarjeta Plateada m\u00e1s lo siguiente:<\/p><ul><li>20 Veces m\u00e1s en Boletos para Nuestros Sorteos<\/li><li>Ofertas en el <a href=\"https:\/\/valleyviewcasino.com\/es\/hotel\/\">Hotel<\/a><strong class=\"ast\">*<\/strong><\/li><li>Acceso al Sal\u00f3n VIP<\/li><li>Acceso a un Anfitri\u00f3n del <a href=\"https:\/\/valleyviewcasino.com\/es\/casino\/anfitriones-del-casino\/\">Casino<\/a><\/li><li>Privilegios Exclusivos Para el Estacionamiento VIP<strong class=\"ast\">*<\/strong><\/li><\/ul><p><em><strong class=\"ast\">*<\/strong>Basado en Nivel de Juego<\/em><\/p>\t\t\t\t\t\t\t\t<\/div>\n\t\t\t\t<\/div>\n\t\t\t\t<\/div>\n\t\t<div class=\"elementor-element elementor-element-b5904c5 vv-dining-slider__container e-con-full e-flex elementor-invisible e-con e-child\" data-id=\"b5904c5\" data-element_type=\"container\" data-settings=\"{&quot;animation&quot;:&quot;fadeInRight&quot;,&quot;animation_tablet&quot;:&quot;fadeIn&quot;}\">\n\t\t<div class=\"elementor-element elementor-element-655754b e-con-full e-flex e-con e-child\" data-id=\"655754b\" data-element_type=\"container\" id=\"card-black\">\n\t\t\t\t<div class=\"elementor-element elementor-element-72f45ea elementor-widget elementor-widget-image\" data-id=\"72f45ea\" data-element_type=\"widget\" data-widget_type=\"image.default\">\n\t\t\t\t<div class=\"elementor-widget-container\">\n\t\t\t\t\t\t\t\t\t\t\t\t\t\t\t<img loading=\"lazy\" decoding=\"async\" width=\"402\" height=\"290\" src=\"https:\/\/valleyviewcasino.com\/wp-content\/uploads\/2024\/12\/vv-card-black.png\" class=\"attachment-large size-large wp-image-4131\" alt=\"Black Valley View Casino Players Club card featuring the casino&#039;s logo and sleek, minimalist black design.\" srcset=\"https:\/\/valleyviewcasino.com\/wp-content\/uploads\/2024\/12\/vv-card-black.png 402w, https:\/\/valleyviewcasino.com\/wp-content\/uploads\/2024\/12\/vv-card-black-300x216.png 300w\" sizes=\"(max-width: 402px) 100vw, 402px\" \/>\t\t\t\t\t\t\t\t\t\t\t\t\t\t\t<\/div>\n\t\t\t\t<\/div>\n\t\t\t\t<div class=\"elementor-element elementor-element-de143b6 elementor-absolute elementor-widget__width-initial elementor-widget elementor-widget-heading\" data-id=\"de143b6\" data-element_type=\"widget\" data-settings=\"{&quot;_position&quot;:&quot;absolute&quot;}\" data-widget_type=\"heading.default\">\n\t\t\t\t<div class=\"elementor-widget-container\">\n\t\t\t\t\t<h3 class=\"elementor-heading-title elementor-size-default\">20,000+ Puntos<\/h3>\t\t\t\t<\/div>\n\t\t\t\t<\/div>\n\t\t\t\t<\/div>\n\t\t\t\t<div class=\"elementor-element elementor-element-5230ed5 elementor-widget elementor-widget-heading\" data-id=\"5230ed5\" data-element_type=\"widget\" data-widget_type=\"heading.default\">\n\t\t\t\t<div class=\"elementor-widget-container\">\n\t\t\t\t\t<h2 class=\"elementor-heading-title elementor-size-default\">Beneficios de la Tarjeta Negra<\/h2>\t\t\t\t<\/div>\n\t\t\t\t<\/div>\n\t\t\t\t<div class=\"elementor-element elementor-element-2dbdb2b elementor-widget elementor-widget-text-editor\" data-id=\"2dbdb2b\" data-element_type=\"widget\" data-widget_type=\"text-editor.default\">\n\t\t\t\t<div class=\"elementor-widget-container\">\n\t\t\t\t\t\t\t\t\t<p>Disfrute todos los beneficios de la tarjeta Dorada m\u00e1s lo siguiente:<\/p><ul><li>25 Veces m\u00e1s en Boletos para Nuestros Sorteos<\/li><li>Privilegios Exclusivos para el Estacionamiento VIP<\/li><li>Asientos VIP Prioritarios en Todos los <a href=\"https:\/\/valleyviewcasino.com\/es\/los-restaurantes\/\">Restaurantes<\/a><\/li><li>MOREPLAY<sup>\u00ae<\/sup> Adicional Exclusivo<\/li><li>Anfitri\u00f3n Exclusivo del <a href=\"https:\/\/valleyviewcasino.com\/es\/casino\/anfitriones-del-casino\/\">Casino<\/a><\/li><li>Transporte VIP<\/li><\/ul>\t\t\t\t\t\t\t\t<\/div>\n\t\t\t\t<\/div>\n\t\t\t\t<\/div>\n\t\t\t\t<\/div>\n\t\t\t\t\t<\/div>\n\t\t\t\t<\/div>\n\t\t\t\t<\/div>\n\t\t","protected":false},"excerpt":{"rendered":"<p>LA AFILIACI\u00d3N DEFINITIVA AL CLUB DE JUGADORES DEL CASINO VALLEY VIEW Valley View Casino &amp; Hotel le ofrece una nueva y emocionante oferta para nuestros invitados que se registren en [&hellip;]<\/p>\n","protected":false},"author":2,"featured_media":0,"parent":4554,"menu_order":0,"comment_status":"closed","ping_status":"closed","template":"","meta":{"_acf_changed":false,"inline_featured_image":false,"footnotes":""},"class_list":["post-4548","page","type-page","status-publish","hentry"],"acf":[],"_links":{"self":[{"href":"https:\/\/valleyviewcasino.com\/es\/wp-json\/wp\/v2\/pages\/4548","targetHints":{"allow":["GET"]}}],"collection":[{"href":"https:\/\/valleyviewcasino.com\/es\/wp-json\/wp\/v2\/pages"}],"about":[{"href":"https:\/\/valleyviewcasino.com\/es\/wp-json\/wp\/v2\/types\/page"}],"author":[{"embeddable":true,"href":"https:\/\/valleyviewcasino.com\/es\/wp-json\/wp\/v2\/users\/2"}],"replies":[{"embeddable":true,"href":"https:\/\/valleyviewcasino.com\/es\/wp-json\/wp\/v2\/comments?post=4548"}],"version-history":[{"count":6,"href":"https:\/\/valleyviewcasino.com\/es\/wp-json\/wp\/v2\/pages\/4548\/revisions"}],"predecessor-version":[{"id":12001,"href":"https:\/\/valleyviewcasino.com\/es\/wp-json\/wp\/v2\/pages\/4548\/revisions\/12001"}],"up":[{"embeddable":true,"href":"https:\/\/valleyviewcasino.com\/es\/wp-json\/wp\/v2\/pages\/4554"}],"wp:attachment":[{"href":"https:\/\/valleyviewcasino.com\/es\/wp-json\/wp\/v2\/media?parent=4548"}],"curies":[{"name":"wp","href":"https:\/\/api.w.org\/{rel}","templated":true}]}}