{"id":4744,"date":"2024-12-10T17:07:14","date_gmt":"2024-12-11T01:07:14","guid":{"rendered":"https:\/\/valleyviewcasino.com\/terms-of-use\/"},"modified":"2025-05-01T07:18:59","modified_gmt":"2025-05-01T14:18:59","slug":"terms-of-use","status":"publish","type":"page","link":"https:\/\/valleyviewcasino.com\/es\/terms-of-use\/","title":{"rendered":"T\u00e9rminos De Uso"},"content":{"rendered":"\t\t<div data-elementor-type=\"wp-page\" data-elementor-id=\"4744\" class=\"elementor elementor-4744 elementor-235\" data-elementor-post-type=\"page\">\n\t\t\t\t<div class=\"elementor-element elementor-element-478570e e-flex e-con-boxed e-con e-parent\" data-id=\"478570e\" data-element_type=\"container\">\n\t\t\t\t\t<div class=\"e-con-inner\">\n\t\t\t\t<div class=\"elementor-element elementor-element-cbcddab elementor-widget elementor-widget-text-editor\" data-id=\"cbcddab\" data-element_type=\"widget\" data-widget_type=\"text-editor.default\">\n\t\t\t\t<div class=\"elementor-widget-container\">\n\t\t\t\t\t\t\t\t\t<h1><span style=\"color: #c5a348;\">T\u00c9RMINOS Y CONDICIONES<\/span><\/h1><p>Bienvenido a nuestro sitio web. Valley View Casino &amp; Hotel solicita que lea atentamente los T\u00e9rminos y Condiciones y nuestras Pol\u00edticas de Privacidad y Seguridad antes de utilizar el sitio Valley View Casino &amp; Hotel. Valley View Casino &amp; Hotel le brinda servicios sujetos a los siguientes T\u00e9rminos y Condiciones. Al utilizar este sitio web de casino de San Diego, California, usted acepta seguir y estar sujeto a estos T\u00e9rminos y Condiciones y nuestras Pol\u00edticas de Privacidad y Seguridad sin modificaciones.   <\/p><p><strong>POR FAVOR LEA ATENTAMENTE LOS \u201cT\u00c9RMINOS Y CONDICIONES DE USO\u201d. SU ACCESO A ESTOS SITIOS WEB CONSTITUYE SU ACEPTACI\u00d3N DE CUMPLIR ESTAS DISPOSICIONES. <\/strong><\/p><h2>Usuario de los sitios<\/h2><p>Estos T\u00e9rminos y Condiciones de Uso se aplican a los sitios web estadounidenses de Valley View Casino &amp; Hotel, conocidos tambi\u00e9n como VVCH. Le recomendamos que lea atentamente los T\u00e9rminos y Condiciones de Uso, ya que controlan su uso y acceso a los sitios, ahora y en el futuro. Sin embargo, VVCH se reserva expresamente el derecho de modificar los T\u00e9rminos y Condiciones de Uso en cualquier momento mediante la publicaci\u00f3n de una versi\u00f3n actualizada de los T\u00e9rminos y Condiciones de Uso en los sitios. Por lo tanto, deber\u00e1 revisar peri\u00f3dicamente los T\u00e9rminos y Condiciones de Uso. Su uso continuo de estos sitios constituye su consentimiento a los T\u00e9rminos y Condiciones de Uso actuales publicados en el momento de su visita.    <\/p><p>Este sitio web puede contener otros avisos de propiedad e informaci\u00f3n de derechos de autor, cuyos t\u00e9rminos deben observarse y seguirse. La informaci\u00f3n de este sitio puede contener imprecisiones t\u00e9cnicas o errores tipogr\u00e1ficos. Valley View Casino &amp; Hotel puede cambiar o actualizar la informaci\u00f3n, incluidos los precios y la disponibilidad de los productos, sin previo aviso. Valley View Casino &amp; Hotel se reserva el derecho de rechazar el servicio, cancelar cuentas y\/o cancelar pedidos a su discreci\u00f3n, incluso, entre otros, si VVCH cree que la conducta del cliente viola la ley aplicable o es perjudicial para los intereses de Valley View Casino &amp; Hotel.   <\/p><p><strong>NO USE LOS SITIOS DE VVCH SI NO ACEPTA ESTOS T\u00c9RMINOS Y CONDICIONES DE USO.<\/strong><\/p><h2>Ning\u00fan uso ilegal o prohibido<\/h2><p>Los sitios pueden utilizarse \u00fanicamente con fines legales. Su acceso y uso de estos sitios tambi\u00e9n se rigen por todas las leyes federales, estatales y locales aplicables. Se proh\u00edbe la transmisi\u00f3n, distribuci\u00f3n o almacenamiento de material o conducta que viole cualquier ley o reglamento local, estatal, provincial, federal o extranjero aplicable. Esto incluye, entre otros, cualquier material que sea obsceno, difamatorio o calumnioso, constituya una amenaza ilegal, viole los derechos de privacidad o publicidad o infrinja los derechos de propiedad intelectual de terceros.   <\/p><p>Como condici\u00f3n para el uso de los sitios, usted declara y garantiza que no utilizar\u00e1 los sitios para ning\u00fan prop\u00f3sito ilegal o en violaci\u00f3n de cualquier disposici\u00f3n de los T\u00e9rminos y Condiciones de Uso.<\/p><p>Adem\u00e1s, declara y garantiza que no utilizar\u00e1 ning\u00fan dispositivo, software u otro instrumento para interferir o intentar interferir con el funcionamiento adecuado de nuestros sitios, y que no tomar\u00e1 ninguna medida que imponga una carga irrazonable o desproporcionadamente grande en nuestra infraestructura. Adem\u00e1s, usted declara y garantiza que no utilizar\u00e1 ning\u00fan robot, spider bot, otro dispositivo autom\u00e1tico o proceso manual para monitorear o copiar nuestras p\u00e1ginas web o el material aqu\u00ed contenido, sin el consentimiento previo por escrito de un representante autorizado de VVCH (dicho consentimiento se considera dada para la tecnolog\u00eda de motor de b\u00fasqueda est\u00e1ndar empleada por los sitios web de b\u00fasqueda de Internet para dirigir a los usuarios de Internet a los sitios). En caso de cualquier uso ilegal u ofensivo del contenido de los sitios, nos reservamos el derecho de modificar o eliminar todo el contenido, funcionalidad y enlaces contenidos en los sitios. Si determinamos, a nuestro exclusivo y absoluto criterio, que usted ha violado cualquier disposici\u00f3n de los T\u00e9rminos y Condiciones de Uso o cualquier ley aplicable, podremos, en cualquier momento, cancelar, restringir o modificar total o parcialmente su acceso, horarios. de disponibilidad y equipo y software requeridos para el uso de los sitios, y tomar cualquier acci\u00f3n en respuesta a dicha violaci\u00f3n.   <\/p><h2>Contenido de los sitios<\/h2><p>Los sitios pueden utilizarse \u00fanicamente con fines legales. Su acceso y uso de estos sitios tambi\u00e9n se rigen por todas las leyes federales, estatales y locales aplicables. Se proh\u00edbe la transmisi\u00f3n, distribuci\u00f3n o almacenamiento de material o conducta que viole cualquier ley o reglamento local, estatal, provincial, federal o extranjero aplicable. Esto incluye, entre otros, cualquier material que sea obsceno, difamatorio o calumnioso, constituya una amenaza ilegal, viole los derechos de privacidad o publicidad o infrinja los derechos de propiedad intelectual de terceros.   <\/p><p>Como condici\u00f3n para el uso de los sitios, usted declara y garantiza que no utilizar\u00e1 los sitios para ning\u00fan prop\u00f3sito ilegal o en violaci\u00f3n de cualquier disposici\u00f3n de los T\u00e9rminos y Condiciones de Uso.<\/p><p>El contenido de estos sitios es propiedad de VVCH. Si bien nos esforzamos por mantener el contenido de los sitios actualizado, no garantizamos que la informaci\u00f3n que aparece en el sitio sea precisa, completa, confiable o est\u00e9 libre de errores. Los sitios pueden contener inexactitudes o errores tipogr\u00e1ficos con respecto a las descripciones de productos y servicios, disponibilidad, fechas y precios. Nos reservamos el derecho de corregir o actualizar cualquier error u omisi\u00f3n y de cambiar peri\u00f3dicamente cualquier informaci\u00f3n a nuestro exclusivo y absoluto criterio sin previo aviso. Nada en estos sitios se considerar\u00e1 una oferta vinculante por parte de VVCH, y nos reservamos el derecho de cambiar cualquier informaci\u00f3n publicada en estos sitios en cualquier momento y por cualquier motivo sin previo aviso.    <\/p><h2>Uso de sitios por menores<\/h2><ul><li><h3>Contenido propietario; Derechos de autor.<\/h3><p>Usted reconoce que todos los derechos, t\u00edtulos e intereses sobre todo el contenido de los sitios, incluida toda la informaci\u00f3n, datos, videos, audio, gr\u00e1ficos, logotipos, \u00edconos de botones, software y otros materiales contenidos en los sitios o que los componen, son propiedad \u00fanica y exclusiva de VVCH, y est\u00e1 protegida por las leyes de derechos de autor de EE. UU. e internacionales.<\/p><\/li><li><h3>Licencia limitada.<\/h3><p>Puede acceder al contenido de los sitios \u00fanicamente para su uso personal. No puede copiar, cargar, descargar, publicar, transmitir, distribuir, mostrar, realizar, modificar ni crear trabajos derivados de ning\u00fan contenido de los sitios, excepto que puede imprimir copias de nuestros sitios para su uso personal. No puede enmarcar ni utilizar t\u00e9cnicas de enmarcado para incluir ninguna marca comercial, logotipo u otra informaci\u00f3n de propiedad exclusiva (incluidas im\u00e1genes, texto, dise\u00f1o de p\u00e1gina y formularios) de VVCH sin el consentimiento previo por escrito de VVCH. No puede utilizar metaetiquetas ni ning\u00fan otro \u201ctexto oculto\u201d utilizando nuestro nombre, marcas comerciales, marcas de servicio o nombres comerciales sin el consentimiento previo por escrito de VVCH. No puede utilizar nuestros nombres, marcas comerciales, marcas de servicio, nombres comerciales, logotipos, lemas o gr\u00e1ficos propietarios como parte de un enlace sin el consentimiento previo por escrito de VVCH. Cualquier uso no autorizado cancela cualquier licencia o permiso otorgado por VVCH. Salvo que se indique expresamente anteriormente, nada de lo contenido en este documento se interpretar\u00e1 como una concesi\u00f3n, por implicaci\u00f3n, expresa o de otro modo, de cualquier licencia o derecho sobre el contenido de los sitios.      <\/p><\/li><li><h3>Marcas registradas.<\/h3><p>Todas las marcas comerciales, marcas de servicio, nombres comerciales, logotipos, lemas y otras marcas de identificaci\u00f3n de VVCH que aparecen en los sitios son propiedad \u00fanica y exclusiva de VVCH. No puede copiar ni utilizar ninguna de las marcas de VVCH ni ninguna marca que sea confusamente similar a las marcas de VVCH sin el consentimiento previo por escrito de VVCH, ni puede utilizar las marcas de VVCH de ninguna manera que desacredite o menosprecie a VVCH. Todas las dem\u00e1s marcas comerciales que no son propiedad de VVCH y que aparecen en estos sitios son propiedad de sus respectivos due\u00f1os, quienes pueden o no estar afiliados, conectados o patrocinados por VVCH.  <\/p><\/li><li><h3>Contenido aportado.<\/h3><p>Excepto por la informaci\u00f3n de identificaci\u00f3n personal que obtenemos de usted, [consulte \u201cUso de la Informaci\u00f3n que Usted Proporciona\u201d a continuaci\u00f3n] cualquier informaci\u00f3n que proporcione, incluidos, entre otros, comentarios, sugerencias y\/o ideas que pueda enviarnos, se considera NO CONFIDENCIAL y NO PROPIETARIO, pasar\u00e1 a ser propiedad de VVCH y podr\u00e1 ser utilizado por nosotros para cualquier prop\u00f3sito sin restricci\u00f3n ni obligaci\u00f3n. Usted declara y garantiza que cualquier contenido que nos env\u00ede (1) es exacto, (2) no viola ninguna ley ni infringe los derechos de propiedad intelectual de terceros y (3) no contiene material que sea obsceno, acosador, vulgar, difamatorio o calumnioso, constituya una amenaza ilegal, o viole los derechos de privacidad o publicidad de un tercero. <\/p><\/li><li><h3>Acceso a \u00c1reas Restringidas de Sitios.<\/h3><p>Los sitios pueden brindarle la posibilidad de utilizar contrase\u00f1as, nombres de usuario u otros c\u00f3digos o dispositivos para obtener acceso a partes restringidas de los sitios (\u201cc\u00f3digos de acceso\u201d). El contenido de dichas \u00e1reas restringidas es confidencial para VVCH y se le proporciona \u00fanicamente para su uso personal. Nos reservamos el derecho de prohibir el uso de dichos c\u00f3digos de acceso en su nombre por parte de terceros si determinamos, a nuestro exclusivo y absoluto criterio, que dicho uso interfiere con el funcionamiento de nuestros sitios o genera beneficios comerciales para otras entidades en detrimento nuestro.  <\/p><\/li><li><h3>Aviso de Ejecuci\u00f3n Legal.<\/h3><p>VVCH trata con seriedad la aplicaci\u00f3n de sus derechos de propiedad intelectual. VVCH ha presentado en el pasado y contin\u00faa presentando acciones formales para proteger sus derechos de propiedad intelectual. <\/p><\/li><\/ul><h2>Enlaces<\/h2><p>Los sitios pueden contener enlaces a otros sitios web. Todos los enlaces a otros sitios web desde los sitios se proporcionan \u00fanicamente para su comodidad, y la inclusi\u00f3n de cualquier enlace no implica, ni debe interpretarse como tal, un respaldo por parte de VVCH del sitio o cualquier asociaci\u00f3n con sus operadores. No somos responsables ni respaldamos el contenido, los productos o los servicios que puedan contener los sitios web vinculados. No tendremos ninguna obligaci\u00f3n ni responsabilidad con respecto a su acceso a cualquier sitio web vinculado, o por su uso de cualquier informaci\u00f3n, productos o servicios en los sitios web vinculados. Debe tener en cuenta que, cuando ingresa a un sitio web vinculado, est\u00e1 sujeto a las pol\u00edticas de privacidad y a los t\u00e9rminos y condiciones de uso que se aplican a ese sitio web. Debe revisarlos despu\u00e9s de ejecutar el enlace. Cualquier inquietud con respecto a cualquier producto, servicio o informaci\u00f3n ofrecida por otro sitio web al que est\u00e1 vinculado el sitio de VVCH debe dirigirse al operador de ese sitio espec\u00edfico y no a Valley View Casino &amp; Hotel.      <\/p><p>Las solicitudes para publicar enlaces a los sitios en otros sitios web deben dirigirse al webmaster en <a href=\"mailto:info@vviewcasino.com\">info@VViewCasino.com<\/a>. VVCH se reserva expresamente su derecho a tomar las medidas apropiadas contra cualquier entidad que se vincule a cualquier Sitio sin permiso de una manera que viole cualquiera de los derechos legales de VVCH. <\/p><h2>Pol\u00edtica de Privacidad<\/h2><p>Los sitios son sitios web de los Estados Unidos y est\u00e1n sujetos a las leyes de los Estados Unidos. El uso que hace VVCH de los datos recopilados a trav\u00e9s de los sitios se rige por nuestra Pol\u00edtica de Privacidad. Puede encontrar un enlace a la Pol\u00edtica de privacidad en el pie de p\u00e1gina de cualquier sitio de VVCH. Usted reconoce y acepta que nuestra Pol\u00edtica de Privacidad est\u00e1 incorporada en estos T\u00e9rminos y Condiciones de Uso.   <\/p><h2>Informaci\u00f3n y garant\u00edas de productos<\/h2><p>A menos que se indique lo contrario, la mayor\u00eda de los productos y servicios presentados en este sitio est\u00e1n disponibles directamente desde o a trav\u00e9s de Valley View Casino &amp; Hotel. VVCH ha hecho un esfuerzo minucioso para mostrar y describir sus productos y servicios con precisi\u00f3n para que sus clientes puedan obtener una comprensi\u00f3n clara del producto, su dise\u00f1o y uso, y de los servicios ofrecidos. Sin embargo, VVCH no puede garantizar, ni garantiza, la exactitud o integridad de la informaci\u00f3n, incluidos precios, im\u00e1genes de productos, especificaciones, disponibilidad u otros. Los productos y\/o servicios son responsabilidad del fabricante o proveedor de esos servicios y pueden estar cubiertos por las garant\u00edas de dichos fabricantes \u00fanicamente.   <\/p><h2>Limitaci\u00f3n de responsabilidad; Nota legal<\/h2><p><strong>USTED ASUME TODA LA RESPONSABILIDAD Y RIESGO POR EL USO DE ESTE SITIO Y DEL INTERNET EN GENERAL. VVCH EST\u00c1 PONIENDO TODO EL CONTENIDO DE ESTOS SITIOS WEB A SU DISPONIBILIDAD \u201cTAL CUAL\u201d, CON TODOS SUS DEFECTOS Y SIN NINGUNA DECLARACI\u00d3N O GARANT\u00cdA DE NING\u00daN TIPO, EXPRESA, IMPL\u00cdCITA O LEGAL, Y POR LA PRESENTE SE RENUNCIA EXPRESAMENTE A TALES DECLARACIONES Y GARANT\u00cdAS. INCLUYENDO, SIN LIMITACI\u00d3N, CUALQUIER GARANT\u00cdA IMPL\u00cdCITA DE COMERCIABILIDAD, IDONEIDAD PARA UN PROP\u00d3SITO PARTICULAR Y NO INFRACCI\u00d3N DE CUALQUIER DERECHO DE PROPIEDAD, DERECHOS DE PROPIEDAD O DE OTRA MANERA; INCLUYENDO LIBRE DE ERRORES, VIRUS, ERRORES U OTROS COMPONENTES DA\u00d1INOS. <\/strong><\/p><p><strong>EL USO DE LOS SITIOS Y DE CUALQUIER MATERIAL, PRODUCTO O SERVICIO DISPONIBLE A TRAV\u00c9S DE LOS SITIOS ES BAJO SU PROPIO RIESGO. VVCH NO TENDR\u00c1 NINGUNA OBLIGACI\u00d3N O RESPONSABILIDAD ALGUNA EN RELACI\u00d3N CON O RESULTANTE DE CUALQUIER ERROR U OMISI\u00d3N EN CUALQUIER CONTENIDO DE ESTOS SITIOS O POR CUALQUIER INTERRUPCI\u00d3N QUE ESTOS SITIOS PUEDAN CAUSAR, O POR CUALQUIER CONFIANZA EN DICHO CONTENIDO O USO POR SU PARTE. <\/strong><\/p><p><strong>EN NING\u00daN CASO VVCH O CUALQUIERA DE SUS ACCIONISTAS, FUNCIONARIOS, DIRECTORES, EMPLEADOS O AGENTES SER\u00c1N RESPONSABLES DE NINGUNA LESI\u00d3N, P\u00c9RDIDA, RECLAMACI\u00d3N O DA\u00d1OS, INCLUYENDO CUALQUIER DA\u00d1O ESPECIAL, INCIDENTAL, CONSECUENTE, EJEMPLAR O PUNITIVO DE CUALQUIER TIPO (INCLUYENDO, SIN LIMITACI\u00d3N, P\u00c9RDIDA DE GANANCIAS O P\u00c9RDIDA DE AHORROS) QUE SURJAN DE O EN RELACI\u00d3N CON SU ACCESO O USO DE LOS SITIOS, YA SEA BASADO EN UN CONTRATO, AGRAVIO (INCLUYENDO, SIN LIMITACI\u00d3N, NEGLIGENCIA) O DE OTRA MANERA, INCLUSO SI HEMOS SIDO INFORMADOS DE LA POSIBILIDAD DE TALES DA\u00d1OS.<\/strong><\/p><p><strong>NO OBSTANTE LO ANTERIOR, LA LEY DE SU ESTADO PUEDE NO PERMITIR LA LIMITACI\u00d3N O EXCLUSI\u00d3N DE RESPONSABILIDAD O DE DA\u00d1OS INCIDENTALES O CONSECUENTES, POR LO QUE LA LIMITACI\u00d3N O EXCLUSI\u00d3N ANTERIOR PUEDE NO APLICARSE EN SU CASO.<\/strong><\/p><h2>Pol\u00edtica para presentar reclamaciones por infracci\u00f3n de derechos de autor<\/h2><p>VVCH puede cambiar los T\u00e9rminos y Condiciones de Uso a su exclusivo y absoluto criterio en cualquier momento. Debe revisar peri\u00f3dicamente los T\u00e9rminos y Condiciones de Uso para asegurarse de estar familiarizado con nuestras pol\u00edticas actuales. Su uso y uso continuo de los sitios (despu\u00e9s de la modificaci\u00f3n de los T\u00e9rminos y Condiciones de Uso) se considerar\u00e1 de manera concluyente como la aceptaci\u00f3n de los T\u00e9rminos y Condiciones de Uso y cualquier cambio a los mismos.  <\/p><h2>Cambios en los t\u00e9rminos y condiciones de uso<\/h2><p>Si cree que alg\u00fan contenido se ha publicado en los sitios de una manera que constituye una infracci\u00f3n de derechos de autor, notif\u00edquenos proporcionando a nuestro agente de derechos de autor designado la informaci\u00f3n escrita que se especifica a continuaci\u00f3n:<\/p><ul><li>Una firma f\u00edsica o electr\u00f3nica de una persona autorizada para actuar en nombre del titular de un derecho exclusivo que supuestamente se infringe;<\/li><li>Una descripci\u00f3n del trabajo protegido por derechos de autor que se alega ha sido infringido o, si varias obras protegidas por derechos de autor en un solo Sitio est\u00e1n cubiertas por una sola notificaci\u00f3n, una lista representativa de dichos trabajos en ese Sitio;<\/li><li>Una descripci\u00f3n del material en el Sitio que se afirma que ha sido infringido o que es objeto de una actividad infractora y que debe eliminarse o cuyo acceso debe deshabilitarse, e informaci\u00f3n razonablemente suficiente para permitirnos localizar el material;<\/li><li>Informaci\u00f3n razonablemente suficiente para permitirnos comunicarnos con usted, como su direcci\u00f3n, n\u00famero de tel\u00e9fono y direcci\u00f3n de correo electr\u00f3nico;<\/li><li>Una declaraci\u00f3n suya de que cree de buena fe que el uso del material en la forma denunciada no est\u00e1 autorizado por el propietario de los derechos de autor, su agente o la ley;<\/li><li>Una declaraci\u00f3n suya de que la informaci\u00f3n contenida en su notificaci\u00f3n es exacta y, bajo pena de perjurio, de que est\u00e1 autorizado a actuar en nombre del propietario del derecho exclusivo que supuestamente se infringe.<\/li><\/ul><h2>Enlaces<\/h2><p>Este sitio web contiene enlaces a otros sitios. Tenga en cuenta que no somos responsables del contenido o las pr\u00e1cticas de privacidad de dichos otros sitios. Alentamos a nuestros usuarios a estar atentos cuando abandonan nuestro sitio y a leer las declaraciones de privacidad de cualquier otro sitio que recopile informaci\u00f3n de identificaci\u00f3n personal.  <\/p>\t\t\t\t\t\t\t\t<\/div>\n\t\t\t\t<\/div>\n\t\t\t\t\t<\/div>\n\t\t\t\t<\/div>\n\t\t\t\t<\/div>\n\t\t","protected":false},"excerpt":{"rendered":"<p>T\u00c9RMINOS Y CONDICIONES Bienvenido a nuestro sitio web. Valley View Casino &amp; Hotel solicita que lea atentamente los T\u00e9rminos y Condiciones y nuestras Pol\u00edticas de Privacidad y Seguridad antes de [&hellip;]<\/p>\n","protected":false},"author":2,"featured_media":0,"parent":0,"menu_order":0,"comment_status":"closed","ping_status":"closed","template":"","meta":{"_acf_changed":false,"inline_featured_image":false,"footnotes":""},"class_list":["post-4744","page","type-page","status-publish","hentry"],"acf":[],"_links":{"self":[{"href":"https:\/\/valleyviewcasino.com\/es\/wp-json\/wp\/v2\/pages\/4744","targetHints":{"allow":["GET"]}}],"collection":[{"href":"https:\/\/valleyviewcasino.com\/es\/wp-json\/wp\/v2\/pages"}],"about":[{"href":"https:\/\/valleyviewcasino.com\/es\/wp-json\/wp\/v2\/types\/page"}],"author":[{"embeddable":true,"href":"https:\/\/valleyviewcasino.com\/es\/wp-json\/wp\/v2\/users\/2"}],"replies":[{"embeddable":true,"href":"https:\/\/valleyviewcasino.com\/es\/wp-json\/wp\/v2\/comments?post=4744"}],"version-history":[{"count":3,"href":"https:\/\/valleyviewcasino.com\/es\/wp-json\/wp\/v2\/pages\/4744\/revisions"}],"predecessor-version":[{"id":4756,"href":"https:\/\/valleyviewcasino.com\/es\/wp-json\/wp\/v2\/pages\/4744\/revisions\/4756"}],"wp:attachment":[{"href":"https:\/\/valleyviewcasino.com\/es\/wp-json\/wp\/v2\/media?parent=4744"}],"curies":[{"name":"wp","href":"https:\/\/api.w.org\/{rel}","templated":true}]}}